{"id":1812,"date":"2012-03-25T22:32:48","date_gmt":"2012-03-25T20:32:48","guid":{"rendered":"http:\/\/blog.dentallife.fr\/blog\/?page_id=1812"},"modified":"2014-09-16T22:34:31","modified_gmt":"2014-09-16T20:34:31","slug":"les-logiciels-pour-se-connecter","status":"publish","type":"page","link":"http:\/\/www.dentallife.fr\/blog\/?page_id=1812","title":{"rendered":"Les logiciels"},"content":{"rendered":"<p>Le viewer (le logiciel client que vous ouvrez sur votre ordinateur personnel) vous permet de vous connecter sur l&rsquo;\u00eele IVOIRE.<\/p>\n<p>Nous vous proposons ici 2 types de viewers :<strong> SecondLife<\/strong> et <strong>Firestorm<\/strong>.<\/p>\n<p>Les fonctionnalit\u00e9s ne sont pas les m\u00eames. Nous avons une pr\u00e9f\u00e9rence pour le viewer FireStorm, m\u00eame si ce n&rsquo;est pas le viewer officiel.<\/p>\n<p>&nbsp;<\/p>\n<p>&nbsp;<\/p>\n<p>&nbsp;<\/p>\n<p>&nbsp;<\/p>\n<p>&nbsp;<\/p>\n<p><strong><br \/>\n<\/strong><\/p>\n\n\t\t\t<div class='tabs-left et_sliderfx_slide et_sliderauto_false et_sliderauto_speed_5000 et_slidertype_left_tabs clearfix'>\n\t\t\t\t<div class='et_left_tabs_bg'><\/div>\n\t\t\t\t<ul class='et-tabs-control'>\n\t\t\t<li><a href='#'>\n\t\t\tSecondLife\n\t\t<\/a><\/li> \n\t\t<li><a href='#'>\n\t\t\tFireStorm\n\t\t<\/a><\/li> \u00a0\n\t\t<\/ul> <!-- .et-tabs-control --> \n\t\t<div class='et-tabs-content'>\n\t\t\t<div class='et-tabs-content-main-wrap'>\n\t\t\t\t<div class='et-tabs-content-wrapper'>\n\t\t\t\t\t<div class='et_slidecontent'>\n\t\t\t<p><a href=\"http:\/\/www.dentallife.fr\/blog\/wp-content\/uploads\/2012\/03\/SecondLife.png\" rel=\"attachment wp-att-3280\"><img loading=\"lazy\" decoding=\"async\" class=\"aligncenter wp-image-3280 size-full\" title=\"SecondLife\" src=\"http:\/\/www.dentallife.fr\/blog\/wp-content\/uploads\/2012\/03\/SecondLife.png\" alt=\"\" width=\"294\" height=\"285\" \/><\/a><\/p>\n<p>Ce viewer est le viewer officiel de SecondLife\u00ae. C&rsquo;est la derni\u00e8re version du logiciel qui vous permet de profiter pleinement de toutes les fonctionnalit\u00e9s disponibles sur l&rsquo;\u00eele IVOIRE.<\/p>\n<p>Elle est disponible pour les version Mac, PC et Linux.<\/p>\n<p>Attention , il existe parfois des probl\u00e8mes pour la version Mac , ce qui n\u00e9cessite la modification des DNS. Vous trouverez comment r\u00e9soudre le probl\u00e8me sur la <a title=\"Aide\" href=\"http:\/\/blog.dentallife.fr\/blog\/?page_id=52\" target=\"_blank\">page d&rsquo;aide <\/a>, ou alors , t\u00e9l\u00e9chargez le viewer Firestorm, situ\u00e9 dans l&rsquo;autre onglet.<\/p>\n<p>&nbsp;<\/p>\n<a href='http:\/\/get.secondlife.com\/' class='icon-button download-icon'>T\u00e9l\u00e9charger SecondLife<span class='et-icon'><\/span><\/a>\n\t\t<\/div>\n\n\t\t<div class='et_slidecontent'>\n\t\t\t<p style=\"text-align: center;\"><a href=\"http:\/\/www.dentallife.fr\/blog\/wp-content\/uploads\/2012\/03\/Firestorm.png\" rel=\"attachment wp-att-3281\"><img loading=\"lazy\" decoding=\"async\" class=\"aligncenter wp-image-3281 size-full\" title=\"Firestorm\" src=\"http:\/\/www.dentallife.fr\/blog\/wp-content\/uploads\/2012\/03\/Firestorm.png\" alt=\"\" width=\"297\" height=\"277\" \/><\/a><\/p>\n<p>Ce viewer se distingue par son ergonomie et sa fluidit\u00e9 et propose un pannel d&rsquo;options avanc\u00e9es pour une meilleure interaction avec votre environnement. Il vous permet \u00e9galement d\u2019utiliser toutes les fonctionnalit\u00e9s disponibles sur l\u2019\u00eele IVOIRE, en particulier la visualisation des sites internet et le Serious Game sur les urgences m\u00e9dicales au cabinet dentaire.<\/p>\n<a href='http:\/\/downloads.phoenixviewer.com\/Mac\/Phoenix_Firestorm-Release_4_2_2_29837.dmg' class='icon-button download-icon'>T\u00e9l\u00e9charger FireStorm pour Mac<span class='et-icon'><\/span><\/a>\n<a href='http:\/\/downloads.phoenixviewer.com\/windows\/Phoenix_Firestorm-Release_4-2-2-29837_Setup.exe' class='icon-button download-icon'>T\u00e9l\u00e9charger FireStorm pour Windows<span class='et-icon'><\/span><\/a>\n<a href='http:\/\/downloads.phoenixviewer.com\/Linux\/Phoenix_Firestorm-Release_i686_4.2.2.29837.tar.bz2' class='icon-button download-icon'>T\u00e9l\u00e9charger FireStorm pour Linux<span class='et-icon'><\/span><\/a>\n<div><\/div>\n\t\t<\/div>\n\t\t\t\t<\/div>\n\t\t\t<\/div>\n\t\t<\/div>\n\t\t\t<\/div> <!-- .tabs-left -->\n<p>&nbsp;<\/p>\n<div class='et-box et-info'>\n\t\t\t\t\t<div class='et-box-content'><strong>Il se peut que vous n&rsquo;arriviez pas \u00e0 utiliser ces viewers, soit parce qu&rsquo;ils sont incompatibles avec votre carte graphique , que votre liaison internet n&rsquo;est pas assez performante, ou qu&rsquo;il y a un (des) bug(s).<\/strong><\/p>\n<p>Votre ordinateur <em>doit<\/em> r\u00e9pondre aux <a href=\"http:\/\/secondlife.com\/support\/system-requirements\/?lang=fr-FR\"><span style=\"color: #ff0000;\">sp\u00e9cifications techniques suivantes<\/span><\/a>, ou vous risquez de <em>ne pas<\/em> pouvoir utiliser Second Life correctement.<\/p>\n<p>On ne va pas se laisser d\u00e9monter pour si peu&#8230;<\/p>\n<p>Voici le lien vers le viewer issu de la Version V1 de SecondLife\u00ae. <strong>Ce viewer est moins gourmand en ressources graphiques<\/strong>, et celles et ceux qui ne peuvent se connecter avec les viewer r\u00e9cents pourront sans doute trouver de quoi venir quand m\u00eame sur IVOIRE.\u00a0<\/div><\/div>\n<p>&nbsp;<\/p>\n<p>&nbsp;<\/p>\n\n\t\t\t<div class='tabs-left et_sliderfx_slide et_sliderauto_false et_sliderauto_speed_5000 et_slidertype_left_tabs clearfix'>\n\t\t\t\t<div class='et_left_tabs_bg'><\/div>\n\t\t\t\t<ul class='et-tabs-control'>\n\t\t\t<li><a href='#'>\n\t\t\tPhoenix\n\t\t<\/a><\/li> \u00a0\n\t\t<\/ul> <!-- .et-tabs-control --> \n\t\t<div class='et-tabs-content'>\n\t\t\t<div class='et-tabs-content-main-wrap'>\n\t\t\t\t<div class='et-tabs-content-wrapper'>\n\t\t\t\t\t<p>&nbsp;<\/p>\n\n\t\t<div class='et_slidecontent'>\n\t\t\t<p style=\"text-align: center;\"><a href=\"http:\/\/www.dentallife.fr\/blog\/wp-content\/uploads\/2012\/03\/Phoenix.png\" rel=\"attachment wp-att-3285\"><img loading=\"lazy\" decoding=\"async\" class=\"aligncenter wp-image-3285 size-full\" title=\"Phoenix\" src=\"http:\/\/www.dentallife.fr\/blog\/wp-content\/uploads\/2012\/03\/Phoenix.png\" alt=\"\" width=\"296\" height=\"272\" \/><\/a><\/p>\n<p>Cette version vous permet d&rsquo;utiliser certaines fonctionnalit\u00e9s propos\u00e9es sur IVOIRE (et en particulier voir tous les diaporamas), mais ne vous permet pas la visualisation des sites internet ni d&rsquo;utiliser le Serious Game sur les urgences m\u00e9dicales au cabinet dentaire.<\/p>\n<p>&nbsp;<\/p>\n<a href='http:\/\/downloads.phoenixviewer.com\/Mac\/Phoenix_Viewer_1.6.1.1691_Intel.dmg' class='icon-button download-icon'>T\u00e9l\u00e9charger Phoenix pour Mac<span class='et-icon'><\/span><\/a>\n<a href='http:\/\/downloads.phoenixviewer.com\/windows\/Phoenix_Viewer-1.6.1.1691_RELEASE_SSE2.exe' class='icon-button download-icon'>T\u00e9l\u00e9charger Phoenix pour Windows<span class='et-icon'><\/span><\/a>\n<a href='http:\/\/downloads.phoenixviewer.com\/Linux\/PhoenixViewer-i686_1.6.1.1691.tar.bz2' class='icon-button download-icon'>T\u00e9l\u00e9charger Phoenix pour Linux<span class='et-icon'><\/span><\/a>\n<p>&nbsp;<\/p>\n<div>\n\t\t<\/div><\/div>\n\t\t\t\t<\/div>\n\t\t\t<\/div>\n\t\t<\/div>\n\t\t\t<\/div> <!-- .tabs-left -->\n<div><\/div>\n<p>&nbsp;<\/p>\n","protected":false},"excerpt":{"rendered":"<p>Le viewer (le logiciel client que vous ouvrez sur votre ordinateur personnel) vous permet de vous connecter sur l&rsquo;\u00eele IVOIRE. Nous vous proposons ici 2 types de viewers : SecondLife et Firestorm. Les fonctionnalit\u00e9s ne sont pas les m\u00eames. Nous avons une pr\u00e9f\u00e9rence pour le viewer FireStorm, m\u00eame si ce n&rsquo;est pas le viewer officiel. [&hellip;]<\/p>\n","protected":false},"author":4,"featured_media":2459,"parent":0,"menu_order":0,"comment_status":"open","ping_status":"open","template":"page-full.php","meta":{"footnotes":""},"class_list":["post-1812","page","type-page","status-publish","has-post-thumbnail","hentry"],"_links":{"self":[{"href":"http:\/\/www.dentallife.fr\/blog\/index.php?rest_route=\/wp\/v2\/pages\/1812","targetHints":{"allow":["GET"]}}],"collection":[{"href":"http:\/\/www.dentallife.fr\/blog\/index.php?rest_route=\/wp\/v2\/pages"}],"about":[{"href":"http:\/\/www.dentallife.fr\/blog\/index.php?rest_route=\/wp\/v2\/types\/page"}],"author":[{"embeddable":true,"href":"http:\/\/www.dentallife.fr\/blog\/index.php?rest_route=\/wp\/v2\/users\/4"}],"replies":[{"embeddable":true,"href":"http:\/\/www.dentallife.fr\/blog\/index.php?rest_route=%2Fwp%2Fv2%2Fcomments&post=1812"}],"version-history":[{"count":100,"href":"http:\/\/www.dentallife.fr\/blog\/index.php?rest_route=\/wp\/v2\/pages\/1812\/revisions"}],"predecessor-version":[{"id":3994,"href":"http:\/\/www.dentallife.fr\/blog\/index.php?rest_route=\/wp\/v2\/pages\/1812\/revisions\/3994"}],"wp:featuredmedia":[{"embeddable":true,"href":"http:\/\/www.dentallife.fr\/blog\/index.php?rest_route=\/wp\/v2\/media\/2459"}],"wp:attachment":[{"href":"http:\/\/www.dentallife.fr\/blog\/index.php?rest_route=%2Fwp%2Fv2%2Fmedia&parent=1812"}],"curies":[{"name":"wp","href":"https:\/\/api.w.org\/{rel}","templated":true}]}}