{"id":1981,"date":"2012-03-14T00:06:49","date_gmt":"2012-03-14T00:06:49","guid":{"rendered":"http:\/\/blog.dentallife.fr\/blog\/?page_id=1981"},"modified":"2012-10-03T14:20:35","modified_gmt":"2012-10-03T12:20:35","slug":"calendrier-2","status":"publish","type":"page","link":"http:\/\/www.dentallife.fr\/blog\/?page_id=1981","title":{"rendered":"Calendrier"},"content":{"rendered":"<p>Calendrier des \u00e9v\u00e9nements sur IVOIRE.<\/p>\n<p>Les manifestations organis\u00e9es ou co-organis\u00e9es par Dental Life sont mises sur ce calendrier qui est r\u00e9guli\u00e8rement mis \u00e0 jour . Si vous d\u00e9sirez organiser des manifestations, des rencontres , n&rsquo;h\u00e9sitez pas \u00e0 nous en faire part, nous mettrons tout en oeuvre pour que votre pr\u00e9sence sur Dental Life soit la plus r\u00e9ussie.<\/p>\n<p>&nbsp;<\/p>\n<p>&nbsp;<\/p>\n","protected":false},"excerpt":{"rendered":"<p>Calendrier des \u00e9v\u00e9nements sur IVOIRE. Les manifestations organis\u00e9es ou co-organis\u00e9es par Dental Life sont mises sur ce calendrier qui est r\u00e9guli\u00e8rement mis \u00e0 jour . Si vous d\u00e9sirez organiser des manifestations, des rencontres , n&rsquo;h\u00e9sitez pas \u00e0 nous en faire part, nous mettrons tout en oeuvre pour que votre pr\u00e9sence sur Dental Life soit la [&hellip;]<\/p>\n","protected":false},"author":1,"featured_media":3228,"parent":0,"menu_order":0,"comment_status":"closed","ping_status":"open","template":"page-full.php","meta":{"footnotes":""},"class_list":["post-1981","page","type-page","status-publish","has-post-thumbnail","hentry"],"_links":{"self":[{"href":"http:\/\/www.dentallife.fr\/blog\/index.php?rest_route=\/wp\/v2\/pages\/1981","targetHints":{"allow":["GET"]}}],"collection":[{"href":"http:\/\/www.dentallife.fr\/blog\/index.php?rest_route=\/wp\/v2\/pages"}],"about":[{"href":"http:\/\/www.dentallife.fr\/blog\/index.php?rest_route=\/wp\/v2\/types\/page"}],"author":[{"embeddable":true,"href":"http:\/\/www.dentallife.fr\/blog\/index.php?rest_route=\/wp\/v2\/users\/1"}],"replies":[{"embeddable":true,"href":"http:\/\/www.dentallife.fr\/blog\/index.php?rest_route=%2Fwp%2Fv2%2Fcomments&post=1981"}],"version-history":[{"count":19,"href":"http:\/\/www.dentallife.fr\/blog\/index.php?rest_route=\/wp\/v2\/pages\/1981\/revisions"}],"predecessor-version":[{"id":1985,"href":"http:\/\/www.dentallife.fr\/blog\/index.php?rest_route=\/wp\/v2\/pages\/1981\/revisions\/1985"}],"wp:featuredmedia":[{"embeddable":true,"href":"http:\/\/www.dentallife.fr\/blog\/index.php?rest_route=\/wp\/v2\/media\/3228"}],"wp:attachment":[{"href":"http:\/\/www.dentallife.fr\/blog\/index.php?rest_route=%2Fwp%2Fv2%2Fmedia&parent=1981"}],"curies":[{"name":"wp","href":"https:\/\/api.w.org\/{rel}","templated":true}]}}