{"id":31,"date":"2011-02-16T22:59:47","date_gmt":"2011-02-16T20:59:47","guid":{"rendered":"http:\/\/dentallifeblog.wordpress.com\/?page_id=2"},"modified":"2012-04-08T17:18:32","modified_gmt":"2012-04-08T15:18:32","slug":"dental-life-les-univers-virtuels-au-service-de-la-profession-dentaire","status":"publish","type":"page","link":"http:\/\/www.dentallife.fr\/blog\/?page_id=31","title":{"rendered":"Dental Life"},"content":{"rendered":"<p>Dental Life est un espace de communication en 3D qui\u00a0 met en r\u00e9seau tous les professionnels de l&rsquo;art dentaire sur une \u00eele virtuelle nomm\u00e9e \u00ab\u00a0IVOIRE\u00a0\u00bb.<br \/>\nChirurgiens-dentistes, fournisseurs, \u00e9tudiants, assistantes, associations, laboratoires, organismes de formation continue,\u2026 sont pr\u00e9sents sur cet univers 3D en temps r\u00e9el !<\/p>\n<p><strong>Dental Life<\/strong>\u00a0est une plate-forme d\u2019\u00e9change innovante utilisant l\u2019univers virtuel de Second Life\u00ae.<br \/>\nElle regroupe les professionnels de l\u2019art dentaire sur un site interactif mod\u00e9lis\u00e9 en 3D .<br \/>\nDental Life poss\u00e8de une\u00a0<strong>\u00eele virtuelle nomm\u00e9e IVOIRE<\/strong>.<br \/>\nVous vous y d\u00e9placez et vous interagissez avec l&rsquo;environnement, sous forme d&rsquo;avatar.<\/p>\n<p>Sur la plate-forme de Dental life, il est possible d\u2019<strong>organiser des manifestations<\/strong>, des\u00a0\u00a0<strong>rencontres<\/strong>, de participer \u00e0 des\u00a0<strong>sessions d&rsquo;entra\u00eenement<\/strong>, de\u00a0<strong>simuler des sessions de travail<\/strong>, de\u00a0<strong>promouvoir de nouveaux produits<\/strong>\u00a0: tout ceci dans le m\u00eame environnement. Plusieurs entreprises visionnaires et agences gouvernementales de par le monde ont \u00e9tabli une pr\u00e9sence significative sur Second Life, b\u00e9n\u00e9ficiant ainsi de tous les avantages de l\u2019immersion.<\/p>\n<p>&nbsp;<\/p>\n<p>La plate-forme propose de multiples modes de communication, comme la <strong>voix spatiale<\/strong> (qui permet de savoir o\u00f9 se situe l\u2019interlocuteur), le <strong>texte \u00e9crit<\/strong> (chat), et l\u2019<strong>interaction immersive<\/strong> (contacts entre avatars).<\/p>\n<p>Vous savez toujours qui converse, gr\u00e2ce \u00e0 la pr\u00e9sence d\u2019une fen\u00eatre qui liste tous les participants et indique celui qui parle.<\/p>\n<p>Lorsqu\u2019un conf\u00e9rencier s\u2019exprime, les auditeurs peuvent lui poser des questions ou faire des commentaires par \u00e9crit, ce qui rend la pr\u00e9sentation interactive.<\/p>\n<p>Dental Life propose un <strong>traducteur de messages \u00e9crits en temps r\u00e9el<\/strong> de 51 langues, qui vous permettra de communiquer avec des confr\u00e8res, des clients ou des collaborateurs non francophones.<\/p>\n<p>L&rsquo;ouverture au monde devient ainsi beaucoup plus facile.<\/p>\n<p>&nbsp;<\/p>\n<p>&nbsp;<\/p>\n<p>&nbsp;<\/p>\n<p style=\"text-align: center;\">\u00a0<a href=\"http:\/\/blog.dentallife.fr\/blog\/?attachment_id=2577\" rel=\"attachment wp-att-2577\"><img loading=\"lazy\" decoding=\"async\" class=\"aligncenter  wp-image-2577\" title=\"20110217-002436\" src=\"http:\/\/blog.dentallife.fr\/blog\/wp-content\/uploads\/2011\/02\/20110217-0024361.jpg\" alt=\"\" width=\"576\" height=\"864\" srcset=\"http:\/\/www.dentallife.fr\/blog\/wp-content\/uploads\/2011\/02\/20110217-0024361.jpg 640w, http:\/\/www.dentallife.fr\/blog\/wp-content\/uploads\/2011\/02\/20110217-0024361-200x300.jpg 200w\" sizes=\"auto, (max-width: 576px) 100vw, 576px\" \/><\/a><\/p>\n<p style=\"text-align: center;\">\n","protected":false},"excerpt":{"rendered":"<p>Dental Life est un espace de communication en 3D qui\u00a0 met en r\u00e9seau tous les professionnels de l&rsquo;art dentaire sur une \u00eele virtuelle nomm\u00e9e \u00ab\u00a0IVOIRE\u00a0\u00bb. Chirurgiens-dentistes, fournisseurs, \u00e9tudiants, assistantes, associations, laboratoires, organismes de formation continue,\u2026 sont pr\u00e9sents sur cet univers 3D en temps r\u00e9el ! Dental Life\u00a0est une plate-forme d\u2019\u00e9change innovante utilisant l\u2019univers virtuel de [&hellip;]<\/p>\n","protected":false},"author":2,"featured_media":2578,"parent":0,"menu_order":1,"comment_status":"open","ping_status":"closed","template":"","meta":{"footnotes":""},"class_list":["post-31","page","type-page","status-publish","has-post-thumbnail","hentry"],"_links":{"self":[{"href":"http:\/\/www.dentallife.fr\/blog\/index.php?rest_route=\/wp\/v2\/pages\/31","targetHints":{"allow":["GET"]}}],"collection":[{"href":"http:\/\/www.dentallife.fr\/blog\/index.php?rest_route=\/wp\/v2\/pages"}],"about":[{"href":"http:\/\/www.dentallife.fr\/blog\/index.php?rest_route=\/wp\/v2\/types\/page"}],"author":[{"embeddable":true,"href":"http:\/\/www.dentallife.fr\/blog\/index.php?rest_route=\/wp\/v2\/users\/2"}],"replies":[{"embeddable":true,"href":"http:\/\/www.dentallife.fr\/blog\/index.php?rest_route=%2Fwp%2Fv2%2Fcomments&post=31"}],"version-history":[{"count":3,"href":"http:\/\/www.dentallife.fr\/blog\/index.php?rest_route=\/wp\/v2\/pages\/31\/revisions"}],"predecessor-version":[{"id":2576,"href":"http:\/\/www.dentallife.fr\/blog\/index.php?rest_route=\/wp\/v2\/pages\/31\/revisions\/2576"}],"wp:featuredmedia":[{"embeddable":true,"href":"http:\/\/www.dentallife.fr\/blog\/index.php?rest_route=\/wp\/v2\/media\/2578"}],"wp:attachment":[{"href":"http:\/\/www.dentallife.fr\/blog\/index.php?rest_route=%2Fwp%2Fv2%2Fmedia&parent=31"}],"curies":[{"name":"wp","href":"https:\/\/api.w.org\/{rel}","templated":true}]}}